{"id":454,"date":"2024-03-28T16:39:14","date_gmt":"2024-03-28T16:39:14","guid":{"rendered":"https:\/\/bufetkrk.com\/?page_id=454"},"modified":"2024-06-25T20:38:26","modified_gmt":"2024-06-25T20:38:26","slug":"rezerwacje","status":"publish","type":"page","link":"https:\/\/bufetkrk.com\/en\/rezerwacje\/","title":{"rendered":"Book a table"},"content":{"rendered":"\t\t<div data-elementor-type=\"wp-page\" data-elementor-id=\"454\" class=\"elementor elementor-454\" data-elementor-post-type=\"page\">\n\t\t\t\t<div class=\"elementor-element elementor-element-0a7dcdd e-flex e-con-boxed e-con e-parent\" data-id=\"0a7dcdd\" data-element_type=\"container\" data-e-type=\"container\">\n\t\t\t\t\t<div class=\"e-con-inner\">\n\t\t<div class=\"elementor-element elementor-element-bc0a6d3 e-con-full e-flex e-con e-child\" data-id=\"bc0a6d3\" data-element_type=\"container\" data-e-type=\"container\">\n\t\t<div class=\"elementor-element elementor-element-a3fe4ee e-flex e-con-boxed e-con e-child\" data-id=\"a3fe4ee\" data-element_type=\"container\" data-e-type=\"container\">\n\t\t\t\t\t<div class=\"e-con-inner\">\n\t\t\t\t<div class=\"elementor-element elementor-element-75a652d elementor-widget-mobile__width-auto elementor-widget elementor-widget-image\" data-id=\"75a652d\" data-element_type=\"widget\" data-e-type=\"widget\" data-widget_type=\"image.default\">\n\t\t\t\t<div class=\"elementor-widget-container\">\n\t\t\t\t\t\t\t\t\t\t\t\t\t\t\t<img fetchpriority=\"high\" decoding=\"async\" width=\"800\" height=\"800\" src=\"https:\/\/bufetkrk.com\/wp-content\/uploads\/2024\/03\/clock.svg\" class=\"attachment-large size-large wp-image-63\" alt=\"\" \/>\t\t\t\t\t\t\t\t\t\t\t\t\t\t\t<\/div>\n\t\t\t\t<\/div>\n\t\t<div class=\"elementor-element elementor-element-4158632 e-con-full e-flex e-con e-child\" data-id=\"4158632\" data-element_type=\"container\" data-e-type=\"container\">\n\t\t\t\t<div class=\"elementor-element elementor-element-3775ac0 elementor-widget-mobile__width-initial elementor-widget elementor-widget-text-editor\" data-id=\"3775ac0\" data-element_type=\"widget\" data-e-type=\"widget\" data-widget_type=\"text-editor.default\">\n\t\t\t\t<div class=\"elementor-widget-container\">\n\t\t\t\t\t\t\t\t\tPN.<\/br> Off\t\t\t\t\t\t\t\t<\/div>\n\t\t\t\t<\/div>\n\t\t\t\t<div class=\"elementor-element elementor-element-b84952e elementor-widget-mobile__width-initial elementor-widget elementor-widget-text-editor\" data-id=\"b84952e\" data-element_type=\"widget\" data-e-type=\"widget\" data-widget_type=\"text-editor.default\">\n\t\t\t\t<div class=\"elementor-widget-container\">\n\t\t\t\t\t\t\t\t\tWt. \u2014 Pt.<\/br>16 <img decoding=\"async\" style=\"padding-bottom: 1px;\" src=\"https:\/\/bufetkrk.com\/wp-content\/uploads\/2024\/03\/arrow-right.svg\" alt=\"right-arrow\" \/> 23\t\t\t\t\t\t\t\t<\/div>\n\t\t\t\t<\/div>\n\t\t\t\t<div class=\"elementor-element elementor-element-edc7fbb elementor-widget-mobile__width-initial elementor-widget elementor-widget-text-editor\" data-id=\"edc7fbb\" data-element_type=\"widget\" data-e-type=\"widget\" data-widget_type=\"text-editor.default\">\n\t\t\t\t<div class=\"elementor-widget-container\">\n\t\t\t\t\t\t\t\t\tSb. \u2014 Nd.<\/br>13 <img decoding=\"async\" style=\"padding-bottom: 1px;\" src=\"https:\/\/bufetkrk.com\/wp-content\/uploads\/2024\/03\/arrow-right.svg\" alt=\"right-arrow\" \/> 23\t\t\t\t\t\t\t\t<\/div>\n\t\t\t\t<\/div>\n\t\t\t\t<div class=\"elementor-element elementor-element-8a0c6bb elementor-widget-mobile__width-initial elementor-widget elementor-widget-text-editor\" data-id=\"8a0c6bb\" data-element_type=\"widget\" data-e-type=\"widget\" data-widget_type=\"text-editor.default\">\n\t\t\t\t<div class=\"elementor-widget-container\">\n\t\t\t\t\t\t\t\t\tZam\u00f3wienia do:<\/br>22:00\t\t\t\t\t\t\t\t<\/div>\n\t\t\t\t<\/div>\n\t\t\t\t<\/div>\n\t\t\t\t\t<\/div>\n\t\t\t\t<\/div>\n\t\t\t\t<div class=\"elementor-element elementor-element-a7fd886 elementor-widget__width-initial elementor-widget elementor-widget-text-editor\" data-id=\"a7fd886\" data-element_type=\"widget\" data-e-type=\"widget\" data-widget_type=\"text-editor.default\">\n\t\t\t\t<div class=\"elementor-widget-container\">\n\t\t\t\t\t\t\t\t\t<p>Rezerwacje przyjmujmemy online i telefonicznie w godzinach pracy lokalu. Mamy r\u00f3wnie\u017c dost\u0119pnych kilka miejsc nie obj\u0119tych systemem rezerwacji.\u00a0<\/p><p>W sezonie letnim otwieramy dla Pa\u0144stwa ogr\u00f3dek, kt\u00f3rego nie obejmuje system rezerwacji. W tygodniu w godzinach 16-22 a w weekend 13-22 (ostatnie zam\u00f3wienie przyjmujemy o 21.00). Stoliki s\u0105 obj\u0119te limitem czasowym.<\/p>\t\t\t\t\t\t\t\t<\/div>\n\t\t\t\t<\/div>\n\t\t<div class=\"elementor-element elementor-element-0938386 e-flex e-con-boxed e-con e-child\" data-id=\"0938386\" data-element_type=\"container\" data-e-type=\"container\">\n\t\t\t\t\t<div class=\"e-con-inner\">\n\t\t\t\t<div class=\"elementor-element elementor-element-1699b21 elementor-widget__width-initial elementor-widget elementor-widget-text-editor\" data-id=\"1699b21\" data-element_type=\"widget\" data-e-type=\"widget\" data-widget_type=\"text-editor.default\">\n\t\t\t\t<div class=\"elementor-widget-container\">\n\t\t\t\t\t\t\t\t\tRezerwacje powy\u017cej 7 os\u00f3b mo\u017cna dokona\u0107 tylko mailowo \u2014 <a href=\"mailto:rezerwacje@bufetkrk.com\"><span style=\"text-decoration: underline;\">rezerwacje@bufetkrk.com<\/span><\/a>\t\t\t\t\t\t\t\t<\/div>\n\t\t\t\t<\/div>\n\t\t\t\t<div class=\"elementor-element elementor-element-a8e3f7c elementor-widget__width-initial elementor-widget elementor-widget-text-editor\" data-id=\"a8e3f7c\" data-element_type=\"widget\" data-e-type=\"widget\" data-widget_type=\"text-editor.default\">\n\t\t\t\t<div class=\"elementor-widget-container\">\n\t\t\t\t\t\t\t\t\tSerwis w wysoko\u015bci 12,5% zostanie doliczony do rachunku powy\u017cej 4 os\u00f3b.\t\t\t\t\t\t\t\t<\/div>\n\t\t\t\t<\/div>\n\t\t\t\t\t<\/div>\n\t\t\t\t<\/div>\n\t\t<div class=\"elementor-element elementor-element-8e19559 elementor-hidden-mobile e-flex e-con-boxed e-con e-child\" data-id=\"8e19559\" data-element_type=\"container\" data-e-type=\"container\">\n\t\t\t\t\t<div class=\"e-con-inner\">\n\t\t\t\t<div class=\"elementor-element elementor-element-a0f8165 elementor-align-left elementor-widget elementor-widget-button\" data-id=\"a0f8165\" data-element_type=\"widget\" data-e-type=\"widget\" data-widget_type=\"button.default\">\n\t\t\t\t<div class=\"elementor-widget-container\">\n\t\t\t\t\t\t\t\t\t<div class=\"elementor-button-wrapper\">\n\t\t\t\t\t<a class=\"elementor-button elementor-button-link elementor-size-sm\" href=\"https:\/\/book.dinnerbooking.com\/pl\/pl-PL\/book\/table\/pax\/3821\/2\" target=\"_blank\">\n\t\t\t\t\t\t<span class=\"elementor-button-content-wrapper\">\n\t\t\t\t\t\t\t\t\t<span class=\"elementor-button-text\">Zarezerwuj stolik<\/span>\n\t\t\t\t\t<\/span>\n\t\t\t\t\t<\/a>\n\t\t\t\t<\/div>\n\t\t\t\t\t\t\t\t<\/div>\n\t\t\t\t<\/div>\n\t\t\t\t<div class=\"elementor-element elementor-element-9c05312 elementor-align-left elementor-widget elementor-widget-button\" data-id=\"9c05312\" data-element_type=\"widget\" data-e-type=\"widget\" data-widget_type=\"button.default\">\n\t\t\t\t<div class=\"elementor-widget-container\">\n\t\t\t\t\t\t\t\t\t<div class=\"elementor-button-wrapper\">\n\t\t\t\t\t<a class=\"elementor-button elementor-button-link elementor-size-sm\" href=\"tel:048530200924\">\n\t\t\t\t\t\t<span class=\"elementor-button-content-wrapper\">\n\t\t\t\t\t\t\t\t\t<span class=\"elementor-button-text\">+48 530 200 924<\/span>\n\t\t\t\t\t<\/span>\n\t\t\t\t\t<\/a>\n\t\t\t\t<\/div>\n\t\t\t\t\t\t\t\t<\/div>\n\t\t\t\t<\/div>\n\t\t\t\t<div class=\"elementor-element elementor-element-1570cd4 elementor-align-left elementor-widget elementor-widget-button\" data-id=\"1570cd4\" data-element_type=\"widget\" data-e-type=\"widget\" data-widget_type=\"button.default\">\n\t\t\t\t<div class=\"elementor-widget-container\">\n\t\t\t\t\t\t\t\t\t<div class=\"elementor-button-wrapper\">\n\t\t\t\t\t<a class=\"elementor-button elementor-button-link elementor-size-sm\" href=\"\/kontakt\/\">\n\t\t\t\t\t\t<span class=\"elementor-button-content-wrapper\">\n\t\t\t\t\t\t\t\t\t<span class=\"elementor-button-text\">Gdzie jeste\u015bmy?<\/span>\n\t\t\t\t\t<\/span>\n\t\t\t\t\t<\/a>\n\t\t\t\t<\/div>\n\t\t\t\t\t\t\t\t<\/div>\n\t\t\t\t<\/div>\n\t\t\t\t\t<\/div>\n\t\t\t\t<\/div>\n\t\t<div class=\"elementor-element elementor-element-3d4e3de elementor-hidden-desktop elementor-hidden-tablet e-flex e-con-boxed e-con e-child\" data-id=\"3d4e3de\" data-element_type=\"container\" data-e-type=\"container\">\n\t\t\t\t\t<div class=\"e-con-inner\">\n\t\t\t\t<div class=\"elementor-element elementor-element-e893304 elementor-mobile-align-left elementor-widget elementor-widget-button\" data-id=\"e893304\" data-element_type=\"widget\" data-e-type=\"widget\" data-widget_type=\"button.default\">\n\t\t\t\t<div class=\"elementor-widget-container\">\n\t\t\t\t\t\t\t\t\t<div class=\"elementor-button-wrapper\">\n\t\t\t\t\t<a class=\"elementor-button elementor-button-link elementor-size-sm\" href=\"https:\/\/book.dinnerbooking.com\/pl\/pl-PL\/book\/table\/pax\/3821\/2\" target=\"_blank\">\n\t\t\t\t\t\t<span class=\"elementor-button-content-wrapper\">\n\t\t\t\t\t\t\t\t\t<span class=\"elementor-button-text\">Zarezerwuj stolik<\/span>\n\t\t\t\t\t<\/span>\n\t\t\t\t\t<\/a>\n\t\t\t\t<\/div>\n\t\t\t\t\t\t\t\t<\/div>\n\t\t\t\t<\/div>\n\t\t\t\t<div class=\"elementor-element elementor-element-29b8e50 elementor-mobile-align-left elementor-widget elementor-widget-button\" data-id=\"29b8e50\" data-element_type=\"widget\" data-e-type=\"widget\" data-widget_type=\"button.default\">\n\t\t\t\t<div class=\"elementor-widget-container\">\n\t\t\t\t\t\t\t\t\t<div class=\"elementor-button-wrapper\">\n\t\t\t\t\t<a class=\"elementor-button elementor-button-link elementor-size-sm\" href=\"tel:048530200924\">\n\t\t\t\t\t\t<span class=\"elementor-button-content-wrapper\">\n\t\t\t\t\t\t\t\t\t<span class=\"elementor-button-text\">+48 530 200 924<\/span>\n\t\t\t\t\t<\/span>\n\t\t\t\t\t<\/a>\n\t\t\t\t<\/div>\n\t\t\t\t\t\t\t\t<\/div>\n\t\t\t\t<\/div>\n\t\t\t\t<div class=\"elementor-element elementor-element-6bb3bee elementor-mobile-align-left elementor-widget elementor-widget-button\" data-id=\"6bb3bee\" data-element_type=\"widget\" data-e-type=\"widget\" data-widget_type=\"button.default\">\n\t\t\t\t<div class=\"elementor-widget-container\">\n\t\t\t\t\t\t\t\t\t<div class=\"elementor-button-wrapper\">\n\t\t\t\t\t<a class=\"elementor-button elementor-button-link elementor-size-sm\" href=\"\/kontakt\/\">\n\t\t\t\t\t\t<span class=\"elementor-button-content-wrapper\">\n\t\t\t\t\t\t\t\t\t<span class=\"elementor-button-text\">Gdzie jeste\u015bmy?<\/span>\n\t\t\t\t\t<\/span>\n\t\t\t\t\t<\/a>\n\t\t\t\t<\/div>\n\t\t\t\t\t\t\t\t<\/div>\n\t\t\t\t<\/div>\n\t\t\t\t\t<\/div>\n\t\t\t\t<\/div>\n\t\t\t\t<\/div>\n\t\t\t\t\t<\/div>\n\t\t\t\t<\/div>\n\t\t<div class=\"elementor-element elementor-element-791c446 e-flex e-con-boxed e-con e-parent\" data-id=\"791c446\" data-element_type=\"container\" data-e-type=\"container\">\n\t\t\t\t\t<div class=\"e-con-inner\">\n\t\t<div class=\"elementor-element elementor-element-311e523 e-con-full e-flex e-con e-child\" data-id=\"311e523\" data-element_type=\"container\" data-e-type=\"container\">\n\t\t\t\t<div class=\"elementor-element elementor-element-1b53d2a elementor-widget__width-inherit elementor-widget elementor-widget-image\" data-id=\"1b53d2a\" data-element_type=\"widget\" data-e-type=\"widget\" data-widget_type=\"image.default\">\n\t\t\t\t<div class=\"elementor-widget-container\">\n\t\t\t\t\t\t\t\t\t\t\t\t\t\t\t<img decoding=\"async\" width=\"800\" height=\"569\" src=\"https:\/\/bufetkrk.com\/wp-content\/uploads\/2024\/05\/bufet_rezerwacje_001-1024x728.webp\" class=\"attachment-large size-large wp-image-2369\" alt=\"\" srcset=\"https:\/\/bufetkrk.com\/wp-content\/uploads\/2024\/05\/bufet_rezerwacje_001-1024x728.webp 1024w, https:\/\/bufetkrk.com\/wp-content\/uploads\/2024\/05\/bufet_rezerwacje_001-300x213.webp 300w, https:\/\/bufetkrk.com\/wp-content\/uploads\/2024\/05\/bufet_rezerwacje_001-768x546.webp 768w, https:\/\/bufetkrk.com\/wp-content\/uploads\/2024\/05\/bufet_rezerwacje_001-1536x1092.webp 1536w, https:\/\/bufetkrk.com\/wp-content\/uploads\/2024\/05\/bufet_rezerwacje_001-18x12.webp 18w, https:\/\/bufetkrk.com\/wp-content\/uploads\/2024\/05\/bufet_rezerwacje_001.webp 1800w\" sizes=\"(max-width: 800px) 100vw, 800px\" \/>\t\t\t\t\t\t\t\t\t\t\t\t\t\t\t<\/div>\n\t\t\t\t<\/div>\n\t\t\t\t<\/div>\n\t\t<div class=\"elementor-element elementor-element-ff838d9 e-con-full e-flex e-con e-child\" data-id=\"ff838d9\" data-element_type=\"container\" data-e-type=\"container\">\n\t\t\t\t<div class=\"elementor-element elementor-element-4586522 elementor-widget-mobile__width-initial elementor-widget elementor-widget-image\" data-id=\"4586522\" data-element_type=\"widget\" data-e-type=\"widget\" data-widget_type=\"image.default\">\n\t\t\t\t<div class=\"elementor-widget-container\">\n\t\t\t\t\t\t\t\t\t\t\t\t\t\t\t<img decoding=\"async\" width=\"650\" height=\"910\" src=\"https:\/\/bufetkrk.com\/wp-content\/uploads\/2024\/04\/rezerwacje-02.webp\" class=\"attachment-large size-large wp-image-1811\" alt=\"\" srcset=\"https:\/\/bufetkrk.com\/wp-content\/uploads\/2024\/04\/rezerwacje-02.webp 650w, https:\/\/bufetkrk.com\/wp-content\/uploads\/2024\/04\/rezerwacje-02-214x300.webp 214w, https:\/\/bufetkrk.com\/wp-content\/uploads\/2024\/04\/rezerwacje-02-9x12.webp 9w\" sizes=\"(max-width: 650px) 100vw, 650px\" \/>\t\t\t\t\t\t\t\t\t\t\t\t\t\t\t<\/div>\n\t\t\t\t<\/div>\n\t\t\t\t<div class=\"elementor-element elementor-element-76a3799 elementor-widget-mobile__width-initial elementor-widget elementor-widget-image\" data-id=\"76a3799\" data-element_type=\"widget\" data-e-type=\"widget\" data-widget_type=\"image.default\">\n\t\t\t\t<div class=\"elementor-widget-container\">\n\t\t\t\t\t\t\t\t\t\t\t\t\t\t\t<img loading=\"lazy\" decoding=\"async\" width=\"731\" height=\"1024\" src=\"https:\/\/bufetkrk.com\/wp-content\/uploads\/2024\/05\/bufet_rezerwacje_002-731x1024.webp\" class=\"attachment-large size-large wp-image-2370\" alt=\"\" srcset=\"https:\/\/bufetkrk.com\/wp-content\/uploads\/2024\/05\/bufet_rezerwacje_002-731x1024.webp 731w, https:\/\/bufetkrk.com\/wp-content\/uploads\/2024\/05\/bufet_rezerwacje_002-214x300.webp 214w, https:\/\/bufetkrk.com\/wp-content\/uploads\/2024\/05\/bufet_rezerwacje_002-768x1075.webp 768w, https:\/\/bufetkrk.com\/wp-content\/uploads\/2024\/05\/bufet_rezerwacje_002-9x12.webp 9w, https:\/\/bufetkrk.com\/wp-content\/uploads\/2024\/05\/bufet_rezerwacje_002.webp 880w\" sizes=\"(max-width: 731px) 100vw, 731px\" \/>\t\t\t\t\t\t\t\t\t\t\t\t\t\t\t<\/div>\n\t\t\t\t<\/div>\n\t\t\t\t<\/div>\n\t\t<div class=\"elementor-element elementor-element-4af872f e-con-full e-flex e-con e-child\" data-id=\"4af872f\" data-element_type=\"container\" data-e-type=\"container\">\n\t\t\t\t<div class=\"elementor-element elementor-element-fa1e758 elementor-widget elementor-widget-image\" data-id=\"fa1e758\" data-element_type=\"widget\" data-e-type=\"widget\" data-widget_type=\"image.default\">\n\t\t\t\t<div class=\"elementor-widget-container\">\n\t\t\t\t\t\t\t\t\t\t\t\t\t\t\t<img loading=\"lazy\" decoding=\"async\" width=\"800\" height=\"568\" src=\"https:\/\/bufetkrk.com\/wp-content\/uploads\/2024\/05\/bufet_rezerwacje_003-1024x727.webp\" class=\"attachment-large size-large wp-image-2371\" alt=\"\" srcset=\"https:\/\/bufetkrk.com\/wp-content\/uploads\/2024\/05\/bufet_rezerwacje_003-1024x727.webp 1024w, https:\/\/bufetkrk.com\/wp-content\/uploads\/2024\/05\/bufet_rezerwacje_003-300x213.webp 300w, https:\/\/bufetkrk.com\/wp-content\/uploads\/2024\/05\/bufet_rezerwacje_003-768x546.webp 768w, https:\/\/bufetkrk.com\/wp-content\/uploads\/2024\/05\/bufet_rezerwacje_003-18x12.webp 18w, https:\/\/bufetkrk.com\/wp-content\/uploads\/2024\/05\/bufet_rezerwacje_003.webp 1340w\" sizes=\"(max-width: 800px) 100vw, 800px\" \/>\t\t\t\t\t\t\t\t\t\t\t\t\t\t\t<\/div>\n\t\t\t\t<\/div>\n\t\t\t\t<\/div>\n\t\t<div class=\"elementor-element elementor-element-49e0bc3 e-con-full e-flex e-con e-child\" data-id=\"49e0bc3\" data-element_type=\"container\" data-e-type=\"container\">\n\t\t<div class=\"elementor-element elementor-element-e7bd35a elementor-hidden-mobile e-con-full e-flex e-con e-child\" data-id=\"e7bd35a\" data-element_type=\"container\" data-e-type=\"container\">\n\t\t\t\t<div class=\"elementor-element elementor-element-e3953cf elementor-widget elementor-widget-button\" data-id=\"e3953cf\" data-element_type=\"widget\" data-e-type=\"widget\" data-widget_type=\"button.default\">\n\t\t\t\t<div class=\"elementor-widget-container\">\n\t\t\t\t\t\t\t\t\t<div class=\"elementor-button-wrapper\">\n\t\t\t\t\t<a class=\"elementor-button elementor-button-link elementor-size-sm\" href=\"\/menu\/\">\n\t\t\t\t\t\t<span class=\"elementor-button-content-wrapper\">\n\t\t\t\t\t\t\t\t\t<span class=\"elementor-button-text\">Zobacz menu<\/span>\n\t\t\t\t\t<\/span>\n\t\t\t\t\t<\/a>\n\t\t\t\t<\/div>\n\t\t\t\t\t\t\t\t<\/div>\n\t\t\t\t<\/div>\n\t\t\t\t<div class=\"elementor-element elementor-element-95e3252 elementor-widget elementor-widget-text-editor\" data-id=\"95e3252\" data-element_type=\"widget\" data-e-type=\"widget\" data-widget_type=\"text-editor.default\">\n\t\t\t\t<div class=\"elementor-widget-container\">\n\t\t\t\t\t\t\t\t\t\/\t\t\t\t\t\t\t\t<\/div>\n\t\t\t\t<\/div>\n\t\t\t\t<div class=\"elementor-element elementor-element-283a5eb elementor-widget elementor-widget-button\" data-id=\"283a5eb\" data-element_type=\"widget\" data-e-type=\"widget\" data-widget_type=\"button.default\">\n\t\t\t\t<div class=\"elementor-widget-container\">\n\t\t\t\t\t\t\t\t\t<div class=\"elementor-button-wrapper\">\n\t\t\t\t\t<a class=\"elementor-button elementor-button-link elementor-size-sm\" href=\"\/kontakt\/\">\n\t\t\t\t\t\t<span class=\"elementor-button-content-wrapper\">\n\t\t\t\t\t\t\t\t\t<span class=\"elementor-button-text\">Sprawd\u017a gdzie jeste\u015bmy<\/span>\n\t\t\t\t\t<\/span>\n\t\t\t\t\t<\/a>\n\t\t\t\t<\/div>\n\t\t\t\t\t\t\t\t<\/div>\n\t\t\t\t<\/div>\n\t\t\t\t<\/div>\n\t\t\t\t<div class=\"elementor-element elementor-element-ed56a52 elementor-align-left elementor-mobile-align-justify elementor-widget-mobile__width-inherit elementor-widget__width-auto elementor-widget elementor-widget-button\" data-id=\"ed56a52\" data-element_type=\"widget\" data-e-type=\"widget\" data-settings=\"{&quot;sticky&quot;:&quot;bottom&quot;,&quot;sticky_offset&quot;:32,&quot;sticky_on&quot;:[&quot;desktop&quot;,&quot;tablet&quot;,&quot;mobile&quot;],&quot;sticky_effects_offset&quot;:0,&quot;sticky_anchor_link_offset&quot;:0}\" data-widget_type=\"button.default\">\n\t\t\t\t<div class=\"elementor-widget-container\">\n\t\t\t\t\t\t\t\t\t<div class=\"elementor-button-wrapper\">\n\t\t\t\t\t<a class=\"elementor-button elementor-button-link elementor-size-sm\" href=\"https:\/\/book.dinnerbooking.com\/pl\/pl-PL\/book\/table\/pax\/3821\/2\" target=\"_blank\">\n\t\t\t\t\t\t<span class=\"elementor-button-content-wrapper\">\n\t\t\t\t\t\t\t\t\t<span class=\"elementor-button-text\">Zarezerwuj<\/span>\n\t\t\t\t\t<\/span>\n\t\t\t\t\t<\/a>\n\t\t\t\t<\/div>\n\t\t\t\t\t\t\t\t<\/div>\n\t\t\t\t<\/div>\n\t\t\t\t<\/div>\n\t\t<div class=\"elementor-element elementor-element-fd415f7 elementor-hidden-desktop e-flex e-con-boxed e-con e-child\" data-id=\"fd415f7\" data-element_type=\"container\" data-e-type=\"container\">\n\t\t\t\t\t<div class=\"e-con-inner\">\n\t\t\t\t<div class=\"elementor-element elementor-element-fa60277 elementor-widget elementor-widget-button\" data-id=\"fa60277\" data-element_type=\"widget\" data-e-type=\"widget\" data-widget_type=\"button.default\">\n\t\t\t\t<div class=\"elementor-widget-container\">\n\t\t\t\t\t\t\t\t\t<div class=\"elementor-button-wrapper\">\n\t\t\t\t\t<a class=\"elementor-button elementor-button-link elementor-size-sm\" href=\"\/menu\/\">\n\t\t\t\t\t\t<span class=\"elementor-button-content-wrapper\">\n\t\t\t\t\t\t\t\t\t<span class=\"elementor-button-text\">Zobacz menu<\/span>\n\t\t\t\t\t<\/span>\n\t\t\t\t\t<\/a>\n\t\t\t\t<\/div>\n\t\t\t\t\t\t\t\t<\/div>\n\t\t\t\t<\/div>\n\t\t\t\t<div class=\"elementor-element elementor-element-509902a elementor-widget elementor-widget-text-editor\" data-id=\"509902a\" data-element_type=\"widget\" data-e-type=\"widget\" data-widget_type=\"text-editor.default\">\n\t\t\t\t<div class=\"elementor-widget-container\">\n\t\t\t\t\t\t\t\t\t\/\t\t\t\t\t\t\t\t<\/div>\n\t\t\t\t<\/div>\n\t\t\t\t<div class=\"elementor-element elementor-element-1d7b736 elementor-widget elementor-widget-button\" data-id=\"1d7b736\" data-element_type=\"widget\" data-e-type=\"widget\" data-widget_type=\"button.default\">\n\t\t\t\t<div class=\"elementor-widget-container\">\n\t\t\t\t\t\t\t\t\t<div class=\"elementor-button-wrapper\">\n\t\t\t\t\t<a class=\"elementor-button elementor-button-link elementor-size-sm\" href=\"\/kontakt\/\">\n\t\t\t\t\t\t<span class=\"elementor-button-content-wrapper\">\n\t\t\t\t\t\t\t\t\t<span class=\"elementor-button-text\">Sprawd\u017a gdzie jeste\u015bmy<\/span>\n\t\t\t\t\t<\/span>\n\t\t\t\t\t<\/a>\n\t\t\t\t<\/div>\n\t\t\t\t\t\t\t\t<\/div>\n\t\t\t\t<\/div>\n\t\t\t\t\t<\/div>\n\t\t\t\t<\/div>\n\t\t\t\t\t<\/div>\n\t\t\t\t<\/div>\n\t\t\t\t<\/div>\n\t\t","protected":false},"excerpt":{"rendered":"<p>PN. OffWt. \u2014 Pt.16 23Sb. \u2014 Nd.13 23Zam\u00f3wienia do:22:00 Rezerwacje przyjmujmemy online i telefonicznie w godzinach pracy lokalu. Mamy r\u00f3wnie\u017c dost\u0119pnych kilka miejsc nie obj\u0119tych systemem rezerwacji.\u00a0 W sezonie letnim otwieramy dla Pa\u0144stwa ogr\u00f3dek, kt\u00f3rego nie obejmuje system rezerwacji. W tygodniu w godzinach 16-22 a w weekend 13-22 (ostatnie zam\u00f3wienie przyjmujemy o 21.00). Stoliki s\u0105 [&hellip;]<\/p>\n","protected":false},"author":2,"featured_media":0,"parent":0,"menu_order":0,"comment_status":"closed","ping_status":"closed","template":"","meta":{"inline_featured_image":false,"footnotes":""},"class_list":["post-454","page","type-page","status-publish","hentry"],"_links":{"self":[{"href":"https:\/\/bufetkrk.com\/en\/wp-json\/wp\/v2\/pages\/454","targetHints":{"allow":["GET"]}}],"collection":[{"href":"https:\/\/bufetkrk.com\/en\/wp-json\/wp\/v2\/pages"}],"about":[{"href":"https:\/\/bufetkrk.com\/en\/wp-json\/wp\/v2\/types\/page"}],"author":[{"embeddable":true,"href":"https:\/\/bufetkrk.com\/en\/wp-json\/wp\/v2\/users\/2"}],"replies":[{"embeddable":true,"href":"https:\/\/bufetkrk.com\/en\/wp-json\/wp\/v2\/comments?post=454"}],"version-history":[{"count":319,"href":"https:\/\/bufetkrk.com\/en\/wp-json\/wp\/v2\/pages\/454\/revisions"}],"predecessor-version":[{"id":2565,"href":"https:\/\/bufetkrk.com\/en\/wp-json\/wp\/v2\/pages\/454\/revisions\/2565"}],"wp:attachment":[{"href":"https:\/\/bufetkrk.com\/en\/wp-json\/wp\/v2\/media?parent=454"}],"curies":[{"name":"wp","href":"https:\/\/api.w.org\/{rel}","templated":true}]}}